{"id":156,"date":"2017-11-22T19:12:34","date_gmt":"2017-11-22T18:12:34","guid":{"rendered":"http:\/\/sonnenblick-pirna.de\/blog\/?page_id=156"},"modified":"2025-12-07T10:03:28","modified_gmt":"2025-12-07T09:03:28","slug":"freie-gaerten","status":"publish","type":"page","link":"http:\/\/sonnenblick-pirna.de\/blog\/freie-gaerten\/","title":{"rendered":"freie G\u00e4rten"},"content":{"rendered":"<p>F\u00fcr alle Interessenten stellen wir hier G\u00e4rten vor, die einen neuen P\u00e4chter suchen. Die G\u00e4rten haben eine Gr\u00f6\u00dfe von ca. 250 m\u00b2. Der Zustand kann sehr unterschiedlich sein. Meist werden die G\u00e4rten mit Allem (Laubeneinrichtung, Gartenger\u00e4te und Werkzeuge &#8230;) abgegeben. Mehr Informationen zu den jeweiligen G\u00e4rten gibt es im direkten Gespr\u00e4ch mit einem Mitglied des Vorstandes.<\/p>\n<p>Kontakt: post@sonnenblick-pirna.de &#8211; teilen Sie uns eine Telefonnummer mit, wir rufen Sie schnellstm\u00f6glich zur\u00fcck.<\/p>\n<p>Sie k\u00f6nnen hier den <a href=\"http:\/\/sonnenblick-pirna.de\/Dokumente\/aufnahmeantrag23.pdf\" target=\"_blank\" rel=\"noopener\">Aufnahmeantrag f\u00fcr den Gartenverein (pdf) <\/a>herunterladen und ausgef\u00fcllt im Briefkasten am Vereinsb\u00fcro hinterlegen. Der Aufnahmeantrag ist unverbindlich und f\u00fcr Sie kostenfrei.<\/p>\n<p><strong>Im Moment werden einige G\u00e4rten aus Altersgr\u00fcnden abgegeben. Wenn Sie einen Aufnahmeantrag bei uns hinterlegen, k\u00f6nnen wir gern einen Besichtigungstermin vereinbaren.<\/strong><\/p>\n<p><img loading=\"lazy\" decoding=\"async\" class=\"aligncenter size-full wp-image-761\" src=\"http:\/\/sonnenblick-pirna.de\/blog\/wp-content\/uploads\/2025\/12\/2512Karte.jpg\" alt=\"\" width=\"808\" height=\"569\" srcset=\"http:\/\/sonnenblick-pirna.de\/blog\/wp-content\/uploads\/2025\/12\/2512Karte.jpg 808w, http:\/\/sonnenblick-pirna.de\/blog\/wp-content\/uploads\/2025\/12\/2512Karte-300x211.jpg 300w, http:\/\/sonnenblick-pirna.de\/blog\/wp-content\/uploads\/2025\/12\/2512Karte-768x541.jpg 768w\" sizes=\"auto, (max-width: 808px) 100vw, 808px\" \/>Stand 01.12.2025<\/p>\n","protected":false},"excerpt":{"rendered":"<p>F\u00fcr alle Interessenten stellen wir hier G\u00e4rten vor, die einen neuen P\u00e4chter suchen. Die G\u00e4rten haben eine Gr\u00f6\u00dfe von ca. 250 m\u00b2. Der Zustand kann sehr unterschiedlich sein. Meist werden die G\u00e4rten mit Allem (Laubeneinrichtung, Gartenger\u00e4te und Werkzeuge &#8230;) abgegeben. Mehr Informationen zu den jeweiligen G\u00e4rten gibt es im direkten Gespr\u00e4ch mit einem Mitglied des [&hellip;]<\/p>\n","protected":false},"author":1,"featured_media":203,"parent":0,"menu_order":0,"comment_status":"closed","ping_status":"closed","template":"","meta":{"footnotes":""},"class_list":["post-156","page","type-page","status-publish","has-post-thumbnail","hentry"],"_links":{"self":[{"href":"http:\/\/sonnenblick-pirna.de\/blog\/wp-json\/wp\/v2\/pages\/156","targetHints":{"allow":["GET"]}}],"collection":[{"href":"http:\/\/sonnenblick-pirna.de\/blog\/wp-json\/wp\/v2\/pages"}],"about":[{"href":"http:\/\/sonnenblick-pirna.de\/blog\/wp-json\/wp\/v2\/types\/page"}],"author":[{"embeddable":true,"href":"http:\/\/sonnenblick-pirna.de\/blog\/wp-json\/wp\/v2\/users\/1"}],"replies":[{"embeddable":true,"href":"http:\/\/sonnenblick-pirna.de\/blog\/wp-json\/wp\/v2\/comments?post=156"}],"version-history":[{"count":10,"href":"http:\/\/sonnenblick-pirna.de\/blog\/wp-json\/wp\/v2\/pages\/156\/revisions"}],"predecessor-version":[{"id":762,"href":"http:\/\/sonnenblick-pirna.de\/blog\/wp-json\/wp\/v2\/pages\/156\/revisions\/762"}],"wp:featuredmedia":[{"embeddable":true,"href":"http:\/\/sonnenblick-pirna.de\/blog\/wp-json\/wp\/v2\/media\/203"}],"wp:attachment":[{"href":"http:\/\/sonnenblick-pirna.de\/blog\/wp-json\/wp\/v2\/media?parent=156"}],"curies":[{"name":"wp","href":"https:\/\/api.w.org\/{rel}","templated":true}]}}