{"id":246,"date":"2018-08-06T18:26:21","date_gmt":"2018-08-06T16:26:21","guid":{"rendered":"http:\/\/sonnenblick-pirna.de\/blog\/?page_id=246"},"modified":"2019-07-31T13:55:34","modified_gmt":"2019-07-31T11:55:34","slug":"viva-der-sonnenblick","status":"publish","type":"page","link":"http:\/\/sonnenblick-pirna.de\/blog\/sommerfest\/viva-der-sonnenblick\/","title":{"rendered":"Viva der Sonnenblick"},"content":{"rendered":"<p>Zu unserer 95-Jahr-Feier wurde unser Gartenlied uraufgef\u00fchrt. Das ganze wird gesungen auf die Melodie von Viva Colonia von den H\u00f6hnern. \u00dcbt flei\u00dfig, damit wir fischerchor\u00e4hnlich in Pirna zu h\u00f6ren sind!<\/p>\n<p>Hier ist die Melodie: <a href=\"http:\/\/sonnenblick-pirna.de\/blog\/wp-content\/uploads\/2018\/08\/Vivacolo.mid\">Vivacolo<\/a> (auch zum runterladen)<\/p>\n<p>und hier der Text: (<a href=\"http:\/\/sonnenblick-pirna.de\/blog\/wp-content\/uploads\/2018\/08\/viva-sonnenblick.pdf\">hier als pdf-datei<\/a>)<\/p>\n<p><strong>Viva der Sonnenblick (Melodie &#8222;Viva Colonia)<\/strong><\/p>\n<p>1.Strophe<\/p>\n<p>Vor 95 Jahren, das freut die ganze Welt,<br \/>\nda ham wir als Verein uns in Pirna aufgestellt.<br \/>\nDarum sind wir heute Abend auch zusammen hier,<br \/>\nwoll&#8217;n zusammen feiern, darum singen wir.<\/p>\n<p>Refrain<\/p>\n<p>Da simmer dabei, das ist unser Gl\u00fcck, Viva der Sonnenblick,<br \/>\nseit 95 Jahren gibt&#8217;s unseren Verein<br \/>\nund deshalb feiern wir ganz gro\u00df bis in den Morgen rein<\/p>\n<p>2. Strophe<\/p>\n<p>Der Gartenstress f\u00e4llt heute von uns allen ab,<br \/>\ndenn heute woll&#8217;n wir feiern und tanzen nicht zu knapp,<br \/>\nlassen die Sau raus hier im Gartenereal,<br \/>\nfreu&#8217;n uns der idylle, das ist sonnenklar.<\/p>\n<p>Refrain<\/p>\n<p>Da simmer dabei, das ist unser Gl\u00fcck, Viva der Sonnenblick,<br \/>\nseit 95 Jahren gibt&#8217;s unseren Verein<br \/>\nund deshalb feiern wir ganz gro\u00df bis in den Morgen rein<\/p>\n<p>Zwischenspiel<\/p>\n<p>und wenn uns nach dem Feste der Garten wieder hat,<br \/>\ndann freut sich jederdr\u00fcber was er so alles hat.<\/p>\n<p>Refrain<\/p>\n<p>Da simmer dabei, das ist unser Gl\u00fcck, Viva der Sonnenblick,<br \/>\nseit 95 Jahren gibt&#8217;s unseren Verein<br \/>\nund deshalb feiern wir ganz gro\u00df bis in den Morgen rein<\/p>\n","protected":false},"excerpt":{"rendered":"<p>Zu unserer 95-Jahr-Feier wurde unser Gartenlied uraufgef\u00fchrt. Das ganze wird gesungen auf die Melodie von Viva Colonia von den H\u00f6hnern. \u00dcbt flei\u00dfig, damit wir fischerchor\u00e4hnlich in Pirna zu h\u00f6ren sind! Hier ist die Melodie: Vivacolo (auch zum runterladen) und hier der Text: (hier als pdf-datei) Viva der Sonnenblick (Melodie &#8222;Viva Colonia) 1.Strophe Vor 95 Jahren, [&hellip;]<\/p>\n","protected":false},"author":1,"featured_media":0,"parent":219,"menu_order":0,"comment_status":"closed","ping_status":"closed","template":"","meta":{"footnotes":""},"class_list":["post-246","page","type-page","status-publish","hentry"],"_links":{"self":[{"href":"http:\/\/sonnenblick-pirna.de\/blog\/wp-json\/wp\/v2\/pages\/246","targetHints":{"allow":["GET"]}}],"collection":[{"href":"http:\/\/sonnenblick-pirna.de\/blog\/wp-json\/wp\/v2\/pages"}],"about":[{"href":"http:\/\/sonnenblick-pirna.de\/blog\/wp-json\/wp\/v2\/types\/page"}],"author":[{"embeddable":true,"href":"http:\/\/sonnenblick-pirna.de\/blog\/wp-json\/wp\/v2\/users\/1"}],"replies":[{"embeddable":true,"href":"http:\/\/sonnenblick-pirna.de\/blog\/wp-json\/wp\/v2\/comments?post=246"}],"version-history":[{"count":5,"href":"http:\/\/sonnenblick-pirna.de\/blog\/wp-json\/wp\/v2\/pages\/246\/revisions"}],"predecessor-version":[{"id":293,"href":"http:\/\/sonnenblick-pirna.de\/blog\/wp-json\/wp\/v2\/pages\/246\/revisions\/293"}],"up":[{"embeddable":true,"href":"http:\/\/sonnenblick-pirna.de\/blog\/wp-json\/wp\/v2\/pages\/219"}],"wp:attachment":[{"href":"http:\/\/sonnenblick-pirna.de\/blog\/wp-json\/wp\/v2\/media?parent=246"}],"curies":[{"name":"wp","href":"https:\/\/api.w.org\/{rel}","templated":true}]}}