{"id":750,"date":"2025-12-07T09:37:52","date_gmt":"2025-12-07T08:37:52","guid":{"rendered":"http:\/\/sonnenblick-pirna.de\/blog\/?page_id=750"},"modified":"2025-12-07T09:37:52","modified_gmt":"2025-12-07T08:37:52","slug":"termine-2026","status":"publish","type":"page","link":"http:\/\/sonnenblick-pirna.de\/blog\/termine-2026\/","title":{"rendered":"Termine 2026"},"content":{"rendered":"<p>alle Termine vorbehaltlich eventueller \u00c4nderungen<\/p>\n<table>\n<tbody>\n<tr>\n<th style=\"width: 25%;\">Datum<\/th>\n<th>Termin<\/th>\n<\/tr>\n<tr>\n<td>06. Februar 26<\/td>\n<td>Vorstandssitzung<\/td>\n<\/tr>\n<tr>\n<td>04. M\u00e4rz 26<\/td>\n<td>Sprechstunde ab 17:00<\/td>\n<\/tr>\n<tr>\n<td>06. M\u00e4rz 26<\/td>\n<td>Vorstandssitzung<\/td>\n<\/tr>\n<tr>\n<td><strong>28. M\u00e4rz 26<\/strong><\/td>\n<td><strong>Wasser anstellen ab 9:00<\/strong><\/td>\n<\/tr>\n<tr>\n<td>08. April 26<\/td>\n<td>Sprechstunde ab 17:00<\/td>\n<\/tr>\n<tr>\n<td>10. April 26<\/td>\n<td>Vorstandssitzung<\/td>\n<\/tr>\n<tr>\n<td><strong>11. April 26<\/strong><\/td>\n<td><strong>Mitgliederversammlung ab 9:00<\/strong><\/td>\n<\/tr>\n<tr>\n<td>25. April 26<\/td>\n<td>Arbeitseinsatz ab 8:00<\/td>\n<\/tr>\n<tr>\n<td>06. Mai 26<\/td>\n<td>Sprechstunde ab 17:00<\/td>\n<\/tr>\n<tr>\n<td>08. Mai 26<\/td>\n<td>Vorstandssitzung<\/td>\n<\/tr>\n<tr>\n<td>09. Mai 26<\/td>\n<td>Arbeitseinsatz ab 8:00<\/td>\n<\/tr>\n<tr>\n<td>30. Mai 26<\/td>\n<td>Arbeitseinsatz ab 8:00<\/td>\n<\/tr>\n<tr>\n<td>03. Juni 26<\/td>\n<td>Sprechstunde ab 17:00<\/td>\n<\/tr>\n<tr>\n<td>05. Juni 26<\/td>\n<td>Vorstandssitzung<\/td>\n<\/tr>\n<tr>\n<td>13. Juni 26<\/td>\n<td>Arbeitseinsatz ab 8:00<\/td>\n<\/tr>\n<tr>\n<td>27. Juni 26<\/td>\n<td>Arbeitseinsatz ab 8:00<\/td>\n<\/tr>\n<tr>\n<td>01. Juli 26<\/td>\n<td>Sprechstunde ab 17:00<\/td>\n<\/tr>\n<tr>\n<td>03. Juli 26<\/td>\n<td>Vorstandssitzung<\/td>\n<\/tr>\n<tr>\n<td>11. Juli 26<\/td>\n<td>Arbeitseinsatz ab 8:00<\/td>\n<\/tr>\n<tr>\n<td>25. Juli 26<\/td>\n<td>Arbeitseinsatz ab 8:00<\/td>\n<\/tr>\n<tr>\n<td>05. August 26<\/td>\n<td>Sprechstunde ab 17:00<\/td>\n<\/tr>\n<tr>\n<td>07. August 26<\/td>\n<td>Vorstandssitzung<\/td>\n<\/tr>\n<tr>\n<td>08. August 26<\/td>\n<td>Arbeitseinsatz ab 8:00<\/td>\n<\/tr>\n<tr>\n<td>22. August 26<\/td>\n<td>Arbeitseinsatz ab 8:00<\/td>\n<\/tr>\n<tr>\n<td><strong>28. August 26<\/strong><\/td>\n<td><strong>Gartenfest Bierprobe<\/strong><\/td>\n<\/tr>\n<tr>\n<th><strong>29. August 26<\/strong><\/th>\n<th style=\"text-align: left;\"><strong>Gartenfest mit Programm<\/strong><\/th>\n<\/tr>\n<tr>\n<th><strong>30.August 26<\/strong><\/th>\n<th style=\"text-align: left;\"><strong>Gartenfest musikalischer Fr\u00fchschoppen<\/strong><\/th>\n<\/tr>\n<tr>\n<th>02. September 26<\/th>\n<th style=\"text-align: left;\">Sprechstunde ab 17:00<\/th>\n<\/tr>\n<tr>\n<th>04. September 26<\/th>\n<th style=\"text-align: left;\">Vorstandssitzung<\/th>\n<\/tr>\n<tr>\n<th>05. September 26<\/th>\n<th style=\"text-align: left;\">Arbeitseinsatz ab 8:00<\/th>\n<\/tr>\n<tr>\n<th>19. September 26<\/th>\n<th style=\"text-align: left;\">Arbeitseinsatz ab 8:00<\/th>\n<\/tr>\n<tr>\n<th>02. Oktober 26<\/th>\n<th>Vorstandssitzung<\/th>\n<\/tr>\n<tr>\n<th>03. Oktober 26<\/th>\n<th>Arbeitseinsatz ab 8:00<\/th>\n<\/tr>\n<tr>\n<th>08. Oktober 26<\/th>\n<th>Sprechstunde ab 17:00<\/th>\n<\/tr>\n<tr>\n<th>17. Oktober 26<\/th>\n<th>Arbeitseinsatz ab 8:00<\/th>\n<\/tr>\n<tr>\n<th><strong>31. Oktober 26<\/strong><\/th>\n<th><strong>Z\u00e4hlerablesung \/ Wasser abstellen<\/strong><\/th>\n<\/tr>\n<tr>\n<th>04. November 26<\/th>\n<th>Sprechstunde ab 17:00<\/th>\n<\/tr>\n<tr>\n<th>13. November 26<\/th>\n<th>Vorstandssitzung<\/th>\n<\/tr>\n<tr>\n<th><strong>05. Dezember 26<\/strong><\/th>\n<th><strong>Weihnachtsmarkt im Sonnenblick<\/strong><\/th>\n<\/tr>\n<\/tbody>\n<\/table>\n<p>&nbsp;<\/p>\n","protected":false},"excerpt":{"rendered":"<p>alle Termine vorbehaltlich eventueller \u00c4nderungen Datum Termin 06. Februar 26 Vorstandssitzung 04. M\u00e4rz 26 Sprechstunde ab 17:00 06. M\u00e4rz 26 Vorstandssitzung 28. M\u00e4rz 26 Wasser anstellen ab 9:00 08. April 26 Sprechstunde ab 17:00 10. April 26 Vorstandssitzung 11. April 26 Mitgliederversammlung ab 9:00 25. April 26 Arbeitseinsatz ab 8:00 06. Mai 26 Sprechstunde ab [&hellip;]<\/p>\n","protected":false},"author":1,"featured_media":0,"parent":0,"menu_order":0,"comment_status":"closed","ping_status":"closed","template":"","meta":{"footnotes":""},"class_list":["post-750","page","type-page","status-publish","hentry"],"_links":{"self":[{"href":"http:\/\/sonnenblick-pirna.de\/blog\/wp-json\/wp\/v2\/pages\/750","targetHints":{"allow":["GET"]}}],"collection":[{"href":"http:\/\/sonnenblick-pirna.de\/blog\/wp-json\/wp\/v2\/pages"}],"about":[{"href":"http:\/\/sonnenblick-pirna.de\/blog\/wp-json\/wp\/v2\/types\/page"}],"author":[{"embeddable":true,"href":"http:\/\/sonnenblick-pirna.de\/blog\/wp-json\/wp\/v2\/users\/1"}],"replies":[{"embeddable":true,"href":"http:\/\/sonnenblick-pirna.de\/blog\/wp-json\/wp\/v2\/comments?post=750"}],"version-history":[{"count":7,"href":"http:\/\/sonnenblick-pirna.de\/blog\/wp-json\/wp\/v2\/pages\/750\/revisions"}],"predecessor-version":[{"id":757,"href":"http:\/\/sonnenblick-pirna.de\/blog\/wp-json\/wp\/v2\/pages\/750\/revisions\/757"}],"wp:attachment":[{"href":"http:\/\/sonnenblick-pirna.de\/blog\/wp-json\/wp\/v2\/media?parent=750"}],"curies":[{"name":"wp","href":"https:\/\/api.w.org\/{rel}","templated":true}]}}